{"id":37,"date":"2025-06-11T06:28:23","date_gmt":"2025-06-11T06:28:23","guid":{"rendered":"https:\/\/server-82.de\/metal-systems\/?page_id=37"},"modified":"2025-06-11T06:28:56","modified_gmt":"2025-06-11T06:28:56","slug":"impressum","status":"publish","type":"page","link":"https:\/\/metal-systems.de\/index.php\/impressum\/","title":{"rendered":"Impressum"},"content":{"rendered":"<section  class='av_textblock_section av-mbrkjwyk-49db85314f25fa48cbf5eba4fa1814c4 '   itemscope=\"itemscope\" itemtype=\"https:\/\/schema.org\/CreativeWork\" ><div class='avia_textblock'  itemprop=\"text\" ><h2><strong>Impressum<\/strong><\/h2>\n<\/div><\/section>\n<section  class='av_textblock_section av-mbrkk594-eee135a617c022c050ad0b2d7b2b82d5 '   itemscope=\"itemscope\" itemtype=\"https:\/\/schema.org\/CreativeWork\" ><div class='avia_textblock'  itemprop=\"text\" ><p><b>Gesetzliche Anbieterkennung:<\/b><\/p>\n<p><b>Illing &amp; Schilling GmbH<br \/>\nmetal &amp; systems<\/b><br \/>\nElterleiner Stra\u00dfe 15a<br \/>\n09481 Scheibenberg<\/p>\n<p>Tel.: +49 37349 14989-0<br \/>\nFax: +49 37349 14989-18<br \/>\nE-Mail: <a href=\"mailto:info@illing-schilling.de\">info@illing-schilling.de<\/a><\/p>\n<p><strong>vertreten durch:<\/strong><br \/>\nGesch\u00e4ftsf\u00fchrer: Maik Hudalla, Michael Bernhardt<\/p>\n<p><strong>Registereintrag:<\/strong><br \/>\nEintragung im Handelsregister.<br \/>\nRegistergericht:KG Chemnitz<br \/>\nRegisternummer: HRB 3424<\/p>\n<p><strong>Umsatzsteuer:<\/strong><br \/>\nUmsatzsteuer-Identifikationsnummer gem\u00e4\u00df \u00a727 a Umsatzsteuergesetz: DE-140977542<\/p>\n<p><strong>Rechtliche Hinweise zur Webseite<\/strong><\/p>\n<p>Alle Texte, Bilder und weiter hier ver\u00f6ffentlichten Informationen unterliegen dem Urheberrecht des Anbieters, soweit nicht Urheberrechte Dritter bestehen. In jedem Fall ist eine Vervielf\u00e4ltigung, Verbreitung oder \u00f6ffentliche Wiedergabe ausschlie\u00dflich im Falle einer widerruflichen und nicht \u00fcbertragbaren Zustimmung des Anbieters gestattet.<\/p>\n<p><strong>Layout, Design und Programmierung<\/strong><\/p>\n<p>BUR Werbeagentur GmbH<br \/>\nGabelsbergerstr. 4 <b>\u00b7<\/b> D-09456 Annaberg-Buchholz<br \/>\nInternet: <a href=\"http:\/\/www.bur-werbung.de\" target=\"_blank\" rel=\"noopener\">www.bur-werbung.de<\/a><\/p>\n<\/div><\/section>\n","protected":false},"excerpt":{"rendered":"","protected":false},"author":1,"featured_media":0,"parent":0,"menu_order":0,"comment_status":"closed","ping_status":"closed","template":"","meta":{"footnotes":""},"class_list":["post-37","page","type-page","status-publish","hentry"],"yoast_head":"<!-- This site is optimized with the Yoast SEO plugin v27.3 - https:\/\/yoast.com\/product\/yoast-seo-wordpress\/ -->\n<title>Impressum - WordPress-Website<\/title>\n<meta name=\"robots\" content=\"index, follow, max-snippet:-1, max-image-preview:large, max-video-preview:-1\" \/>\n<link rel=\"canonical\" href=\"https:\/\/metal-systems.de\/index.php\/impressum\/\" \/>\n<meta property=\"og:locale\" content=\"de_DE\" \/>\n<meta property=\"og:type\" content=\"article\" \/>\n<meta property=\"og:title\" content=\"Impressum - WordPress-Website\" \/>\n<meta property=\"og:url\" content=\"https:\/\/metal-systems.de\/index.php\/impressum\/\" \/>\n<meta property=\"og:site_name\" content=\"WordPress-Website\" \/>\n<meta property=\"article:modified_time\" content=\"2025-06-11T06:28:56+00:00\" \/>\n<meta name=\"twitter:card\" content=\"summary_large_image\" \/>\n<meta name=\"twitter:label1\" content=\"Gesch\u00e4tzte Lesezeit\" \/>\n\t<meta name=\"twitter:data1\" content=\"2\u00a0Minuten\" \/>\n<script type=\"application\/ld+json\" class=\"yoast-schema-graph\">{\"@context\":\"https:\\\/\\\/schema.org\",\"@graph\":[{\"@type\":\"WebPage\",\"@id\":\"https:\\\/\\\/metal-systems.de\\\/index.php\\\/impressum\\\/\",\"url\":\"https:\\\/\\\/metal-systems.de\\\/index.php\\\/impressum\\\/\",\"name\":\"Impressum - WordPress-Website\",\"isPartOf\":{\"@id\":\"https:\\\/\\\/metal-systems.de\\\/#website\"},\"datePublished\":\"2025-06-11T06:28:23+00:00\",\"dateModified\":\"2025-06-11T06:28:56+00:00\",\"breadcrumb\":{\"@id\":\"https:\\\/\\\/metal-systems.de\\\/index.php\\\/impressum\\\/#breadcrumb\"},\"inLanguage\":\"de\",\"potentialAction\":[{\"@type\":\"ReadAction\",\"target\":[\"https:\\\/\\\/metal-systems.de\\\/index.php\\\/impressum\\\/\"]}]},{\"@type\":\"BreadcrumbList\",\"@id\":\"https:\\\/\\\/metal-systems.de\\\/index.php\\\/impressum\\\/#breadcrumb\",\"itemListElement\":[{\"@type\":\"ListItem\",\"position\":1,\"name\":\"Startseite\",\"item\":\"https:\\\/\\\/metal-systems.de\\\/index.php\\\/metall-systems\\\/\"},{\"@type\":\"ListItem\",\"position\":2,\"name\":\"Impressum\"}]},{\"@type\":\"WebSite\",\"@id\":\"https:\\\/\\\/metal-systems.de\\\/#website\",\"url\":\"https:\\\/\\\/metal-systems.de\\\/\",\"name\":\"metal-systems\",\"description\":\"\",\"publisher\":{\"@id\":\"https:\\\/\\\/metal-systems.de\\\/#organization\"},\"potentialAction\":[{\"@type\":\"SearchAction\",\"target\":{\"@type\":\"EntryPoint\",\"urlTemplate\":\"https:\\\/\\\/metal-systems.de\\\/?s={search_term_string}\"},\"query-input\":{\"@type\":\"PropertyValueSpecification\",\"valueRequired\":true,\"valueName\":\"search_term_string\"}}],\"inLanguage\":\"de\"},{\"@type\":\"Organization\",\"@id\":\"https:\\\/\\\/metal-systems.de\\\/#organization\",\"name\":\"metal-systems\",\"url\":\"https:\\\/\\\/metal-systems.de\\\/\",\"logo\":{\"@type\":\"ImageObject\",\"inLanguage\":\"de\",\"@id\":\"https:\\\/\\\/metal-systems.de\\\/#\\\/schema\\\/logo\\\/image\\\/\",\"url\":\"https:\\\/\\\/metal-systems.de\\\/wp-content\\\/uploads\\\/2025\\\/06\\\/Element-1@5x-scaled.png\",\"contentUrl\":\"https:\\\/\\\/metal-systems.de\\\/wp-content\\\/uploads\\\/2025\\\/06\\\/Element-1@5x-scaled.png\",\"width\":2560,\"height\":2028,\"caption\":\"metal-systems\"},\"image\":{\"@id\":\"https:\\\/\\\/metal-systems.de\\\/#\\\/schema\\\/logo\\\/image\\\/\"}}]}<\/script>\n<!-- \/ Yoast SEO plugin. -->","yoast_head_json":{"title":"Impressum - WordPress-Website","robots":{"index":"index","follow":"follow","max-snippet":"max-snippet:-1","max-image-preview":"max-image-preview:large","max-video-preview":"max-video-preview:-1"},"canonical":"https:\/\/metal-systems.de\/index.php\/impressum\/","og_locale":"de_DE","og_type":"article","og_title":"Impressum - WordPress-Website","og_url":"https:\/\/metal-systems.de\/index.php\/impressum\/","og_site_name":"WordPress-Website","article_modified_time":"2025-06-11T06:28:56+00:00","twitter_card":"summary_large_image","twitter_misc":{"Gesch\u00e4tzte Lesezeit":"2\u00a0Minuten"},"schema":{"@context":"https:\/\/schema.org","@graph":[{"@type":"WebPage","@id":"https:\/\/metal-systems.de\/index.php\/impressum\/","url":"https:\/\/metal-systems.de\/index.php\/impressum\/","name":"Impressum - WordPress-Website","isPartOf":{"@id":"https:\/\/metal-systems.de\/#website"},"datePublished":"2025-06-11T06:28:23+00:00","dateModified":"2025-06-11T06:28:56+00:00","breadcrumb":{"@id":"https:\/\/metal-systems.de\/index.php\/impressum\/#breadcrumb"},"inLanguage":"de","potentialAction":[{"@type":"ReadAction","target":["https:\/\/metal-systems.de\/index.php\/impressum\/"]}]},{"@type":"BreadcrumbList","@id":"https:\/\/metal-systems.de\/index.php\/impressum\/#breadcrumb","itemListElement":[{"@type":"ListItem","position":1,"name":"Startseite","item":"https:\/\/metal-systems.de\/index.php\/metall-systems\/"},{"@type":"ListItem","position":2,"name":"Impressum"}]},{"@type":"WebSite","@id":"https:\/\/metal-systems.de\/#website","url":"https:\/\/metal-systems.de\/","name":"metal-systems","description":"","publisher":{"@id":"https:\/\/metal-systems.de\/#organization"},"potentialAction":[{"@type":"SearchAction","target":{"@type":"EntryPoint","urlTemplate":"https:\/\/metal-systems.de\/?s={search_term_string}"},"query-input":{"@type":"PropertyValueSpecification","valueRequired":true,"valueName":"search_term_string"}}],"inLanguage":"de"},{"@type":"Organization","@id":"https:\/\/metal-systems.de\/#organization","name":"metal-systems","url":"https:\/\/metal-systems.de\/","logo":{"@type":"ImageObject","inLanguage":"de","@id":"https:\/\/metal-systems.de\/#\/schema\/logo\/image\/","url":"https:\/\/metal-systems.de\/wp-content\/uploads\/2025\/06\/Element-1@5x-scaled.png","contentUrl":"https:\/\/metal-systems.de\/wp-content\/uploads\/2025\/06\/Element-1@5x-scaled.png","width":2560,"height":2028,"caption":"metal-systems"},"image":{"@id":"https:\/\/metal-systems.de\/#\/schema\/logo\/image\/"}}]}},"_links":{"self":[{"href":"https:\/\/metal-systems.de\/index.php\/wp-json\/wp\/v2\/pages\/37","targetHints":{"allow":["GET"]}}],"collection":[{"href":"https:\/\/metal-systems.de\/index.php\/wp-json\/wp\/v2\/pages"}],"about":[{"href":"https:\/\/metal-systems.de\/index.php\/wp-json\/wp\/v2\/types\/page"}],"author":[{"embeddable":true,"href":"https:\/\/metal-systems.de\/index.php\/wp-json\/wp\/v2\/users\/1"}],"replies":[{"embeddable":true,"href":"https:\/\/metal-systems.de\/index.php\/wp-json\/wp\/v2\/comments?post=37"}],"version-history":[{"count":2,"href":"https:\/\/metal-systems.de\/index.php\/wp-json\/wp\/v2\/pages\/37\/revisions"}],"predecessor-version":[{"id":39,"href":"https:\/\/metal-systems.de\/index.php\/wp-json\/wp\/v2\/pages\/37\/revisions\/39"}],"wp:attachment":[{"href":"https:\/\/metal-systems.de\/index.php\/wp-json\/wp\/v2\/media?parent=37"}],"curies":[{"name":"wp","href":"https:\/\/api.w.org\/{rel}","templated":true}]}}